{"id":29239,"date":"2024-12-05T14:15:09","date_gmt":"2024-12-05T20:15:09","guid":{"rendered":"https:\/\/vivirosa.com\/?page_id=29239"},"modified":"2024-12-06T14:08:52","modified_gmt":"2024-12-06T20:08:52","slug":"closing-cost-estimator","status":"publish","type":"page","link":"https:\/\/vivirosa.com\/es\/closing-cost-estimator","title":{"rendered":"Calculadora de cierre"},"content":{"rendered":"<div data-elementor-type=\"wp-page\" data-elementor-id=\"29239\" class=\"elementor elementor-29239\">\n\t\t\t\t<div class=\"elementor-element elementor-element-d06e8ad e-flex e-con-boxed e-con e-parent\" data-id=\"d06e8ad\" data-element_type=\"container\" data-e-type=\"container\">\n\t\t\t\t\t<div class=\"e-con-inner\">\n\t\t<div class=\"elementor-element elementor-element-14756b4 e-con-full e-flex e-con e-child\" data-id=\"14756b4\" data-element_type=\"container\" data-e-type=\"container\">\n\t\t\t\t<div class=\"elementor-element elementor-element-28b4d05 elementor-widget elementor-widget-heading\" data-id=\"28b4d05\" data-element_type=\"widget\" data-e-type=\"widget\" data-widget_type=\"heading.default\">\n\t\t\t\t<div class=\"elementor-widget-container\">\n\t\t\t\t\t<h1 class=\"elementor-heading-title elementor-size-default\">Calculadora de cierre<\/h1>\t\t\t\t<\/div>\n\t\t\t\t<\/div>\n\t\t\t\t<div class=\"elementor-element elementor-element-dc8df3d elementor-widget elementor-widget-text-editor\" data-id=\"dc8df3d\" data-element_type=\"widget\" data-e-type=\"widget\" data-widget_type=\"text-editor.default\">\n\t\t\t\t<div class=\"elementor-widget-container\">\n\t\t\t\t\t\t\t\t\t<p>Los costos de cierre en Costa Rica -incluidos los gastos de transferencia, honorarios legales, gastos de registro e impuesto sobre las ventas (IVA)- deben incluirse en su presupuesto al calcular el costo total de la compra o venta de una propiedad. Estos costos suelen ser pagados por el comprador o compartidos con el vendedor, dependiendo de su negociaci\u00f3n.<\/p><p>\u00a0<\/p><h4><strong>UTILICE NUESTRA HERRAMIENTA GRATUITA PARA CALCULAR SUS GASTOS DE CIERRE<\/strong><\/h4>\t\t\t\t\t\t\t\t<\/div>\n\t\t\t\t<\/div>\n\t\t\t\t<div class=\"elementor-element elementor-element-dfa0afd elementor-widget elementor-widget-shortcode\" data-id=\"dfa0afd\" data-element_type=\"widget\" data-e-type=\"widget\" data-widget_type=\"shortcode.default\">\n\t\t\t\t<div class=\"elementor-widget-container\">\n\t\t\t\t\t<p style=\"color: red;\">No se pueden obtener los tipos de cambio en tiempo real. Utilizando tipo de cambio alternativo.<\/p><form method=\"post\" style=\"margin-top:20px;margin-bottom:40px;\" action=\"\"><label for=\"property_value\">Introduzca el precio de la propiedad (en USD)<\/label><input type=\"number\" name=\"property_value\" id=\"property_value\" required style=\"width:50%; padding:10px; margin:10px 15px;\"><button type=\"submit\" style=\"\" class=\"submit-button\">Calcule<\/button><input type=\"hidden\" name=\"trp-form-language\" value=\"es\"\/><\/form>\t\t<div class=\"elementor-shortcode\"><\/div>\n\t\t\t\t\t\t<\/div>\n\t\t\t\t<\/div>\n\t\t\t\t<\/div>\n\t\t\t\t<div class=\"elementor-element elementor-element-898fb77 elementor-widget elementor-widget-spacer\" data-id=\"898fb77\" data-element_type=\"widget\" data-e-type=\"widget\" data-widget_type=\"spacer.default\">\n\t\t\t\t<div class=\"elementor-widget-container\">\n\t\t\t\t\t\t\t<div class=\"elementor-spacer\">\n\t\t\t<div class=\"elementor-spacer-inner\"><\/div>\n\t\t<\/div>\n\t\t\t\t\t\t<\/div>\n\t\t\t\t<\/div>\n\t\t\t\t<div class=\"elementor-element elementor-element-e8ae9fe elementor-widget elementor-widget-heading\" data-id=\"e8ae9fe\" data-element_type=\"widget\" data-e-type=\"widget\" data-widget_type=\"heading.default\">\n\t\t\t\t<div class=\"elementor-widget-container\">\n\t\t\t\t\t<h2 class=\"elementor-heading-title elementor-size-default\">Gastos no incluidos en el c\u00e1lculo de los costes de cierre<\/h2>\t\t\t\t<\/div>\n\t\t\t\t<\/div>\n\t\t\t\t<div class=\"elementor-element elementor-element-334dbda elementor-widget elementor-widget-text-editor\" data-id=\"334dbda\" data-element_type=\"widget\" data-e-type=\"widget\" data-widget_type=\"text-editor.default\">\n\t\t\t\t<div class=\"elementor-widget-container\">\n\t\t\t\t\t\t\t\t\t<p>Los gastos de cierre s\u00f3lo cubren los honorarios legales necesarios para transferir la propiedad. <strong>No incluyen otros posibles gastos, como:<\/strong><\/p>\t\t\t\t\t\t\t\t<\/div>\n\t\t\t\t<\/div>\n\t\t\t\t<div class=\"elementor-element elementor-element-f2584e5 elementor-widget elementor-widget-text-editor\" data-id=\"f2584e5\" data-element_type=\"widget\" data-e-type=\"widget\" data-widget_type=\"text-editor.default\">\n\t\t\t\t<div class=\"elementor-widget-container\">\n\t\t\t\t\t\t\t\t\t<p><strong>Costes de diligencia debida:<\/strong> Incluye revisiones topogr\u00e1ficas, inspecciones de viviendas y trabajo legal adicional no cubierto por los honorarios notariales de su abogado. Nota: Los abogados que act\u00faan como notarios suelen incluir algunas diligencias debidas en sus honorarios. Confirme las estructuras de facturaci\u00f3n y las inclusiones con su asesor jur\u00eddico.<\/p>\t\t\t\t\t\t\t\t<\/div>\n\t\t\t\t<\/div>\n\t\t\t\t<div class=\"elementor-element elementor-element-bd55f23 elementor-widget elementor-widget-text-editor\" data-id=\"bd55f23\" data-element_type=\"widget\" data-e-type=\"widget\" data-widget_type=\"text-editor.default\">\n\t\t\t\t<div class=\"elementor-widget-container\">\n\t\t\t\t\t\t\t\t\t<p><strong>Gastos de custodia:<\/strong> Aunque no son obligatorios, los servicios de custodia se utilizan habitualmente, y sus honorarios (m\u00e1s IVA) no se incluyen en los c\u00e1lculos.<\/p>\t\t\t\t\t\t\t\t<\/div>\n\t\t\t\t<\/div>\n\t\t\t\t<div class=\"elementor-element elementor-element-cbbd1cb elementor-widget elementor-widget-text-editor\" data-id=\"cbbd1cb\" data-element_type=\"widget\" data-e-type=\"widget\" data-widget_type=\"text-editor.default\">\n\t\t\t\t<div class=\"elementor-widget-container\">\n\t\t\t\t\t\t\t\t\t<p><strong>Gastos de constituci\u00f3n o disoluci\u00f3n de sociedades: <\/strong>Muchos compradores utilizan sociedades an\u00f3nimas costarricenses para poseer t\u00edtulos de propiedad. Los costes de constituci\u00f3n de una nueva sociedad o de cierre de una ya existente no se tienen en cuenta en estas estimaciones. Para m\u00e1s informaci\u00f3n sobre la propiedad corporativa, visite nuestra secci\u00f3n de preguntas frecuentes.<\/p>\t\t\t\t\t\t\t\t<\/div>\n\t\t\t\t<\/div>\n\t\t\t\t<div class=\"elementor-element elementor-element-45648fc elementor-widget elementor-widget-text-editor\" data-id=\"45648fc\" data-element_type=\"widget\" data-e-type=\"widget\" data-widget_type=\"text-editor.default\">\n\t\t\t\t<div class=\"elementor-widget-container\">\n\t\t\t\t\t\t\t\t\t<p><strong>Plusval\u00eda (s\u00f3lo vendedores):<\/strong> Los vendedores est\u00e1n sujetos a un impuesto de plusval\u00eda 15% sobre las propiedades que adquirieron despu\u00e9s del 1 de julio de 2019, a menos que la propiedad sea su residencia principal, donde deben haber vivido durante al menos 183 d\u00edas al a\u00f1o.<\/p>\t\t\t\t\t\t\t\t<\/div>\n\t\t\t\t<\/div>\n\t\t\t\t<div class=\"elementor-element elementor-element-cba7f19 elementor-widget elementor-widget-spacer\" data-id=\"cba7f19\" data-element_type=\"widget\" data-e-type=\"widget\" data-widget_type=\"spacer.default\">\n\t\t\t\t<div class=\"elementor-widget-container\">\n\t\t\t\t\t\t\t<div class=\"elementor-spacer\">\n\t\t\t<div class=\"elementor-spacer-inner\"><\/div>\n\t\t<\/div>\n\t\t\t\t\t\t<\/div>\n\t\t\t\t<\/div>\n\t\t\t\t\t<\/div>\n\t\t\t\t<\/div>\n\t\t\t\t<\/div>","protected":false},"excerpt":{"rendered":"<p>Closing Cost Estimator Closing costs in Costa Rica\u2014including transfer fees, legal fees, registry costs, and sales tax (VAT\/IVA)\u2014must be factored into your budget when calculating the total cost of buying or selling property. These costs are typically paid by the buyer or shared with the seller, depending on your negotiation. \u00a0 USE OUR FREE TOOL [&hellip;]<\/p>\n","protected":false},"author":11,"featured_media":0,"parent":0,"menu_order":0,"comment_status":"closed","ping_status":"closed","template":"elementor_header_footer","meta":{"footnotes":""},"class_list":["post-29239","page","type-page","status-publish","hentry"],"yoast_head":"<!-- This site is optimized with the Yoast SEO plugin v27.4 - https:\/\/yoast.com\/product\/yoast-seo-wordpress\/ -->\n<title>Closing Cost Estimator - Vivirosa<\/title>\n<meta name=\"robots\" content=\"index, follow, max-snippet:-1, max-image-preview:large, max-video-preview:-1\" \/>\n<link rel=\"canonical\" href=\"https:\/\/vivirosa.com\/es\/closing-cost-estimator\/\" \/>\n<meta property=\"og:locale\" content=\"es_ES\" \/>\n<meta property=\"og:type\" content=\"article\" \/>\n<meta property=\"og:title\" content=\"Closing Cost Estimator - Vivirosa\" \/>\n<meta property=\"og:description\" content=\"Closing Cost Estimator Closing costs in Costa Rica\u2014including transfer fees, legal fees, registry costs, and sales tax (VAT\/IVA)\u2014must be factored into your budget when calculating the total cost of buying or selling property. These costs are typically paid by the buyer or shared with the seller, depending on your negotiation. \u00a0 USE OUR FREE TOOL [&hellip;]\" \/>\n<meta property=\"og:url\" content=\"https:\/\/vivirosa.com\/es\/closing-cost-estimator\/\" \/>\n<meta property=\"og:site_name\" content=\"Vivirosa\" \/>\n<meta property=\"article:publisher\" content=\"https:\/\/www.facebook.com\/profile.php?id=61561901322800\" \/>\n<meta property=\"article:modified_time\" content=\"2024-12-06T20:08:52+00:00\" \/>\n<meta name=\"twitter:card\" content=\"summary_large_image\" \/>\n<meta name=\"twitter:label1\" content=\"Est. reading time\" \/>\n\t<meta name=\"twitter:data1\" content=\"1 minuto\" \/>\n<script type=\"application\/ld+json\" class=\"yoast-schema-graph\">{\"@context\":\"https:\\\/\\\/schema.org\",\"@graph\":[{\"@type\":\"WebPage\",\"@id\":\"https:\\\/\\\/vivirosa.com\\\/closing-cost-estimator\",\"url\":\"https:\\\/\\\/vivirosa.com\\\/closing-cost-estimator\",\"name\":\"Closing Cost Estimator - Vivirosa\",\"isPartOf\":{\"@id\":\"https:\\\/\\\/vivirosa.com\\\/fr\\\/#website\"},\"datePublished\":\"2024-12-05T20:15:09+00:00\",\"dateModified\":\"2024-12-06T20:08:52+00:00\",\"breadcrumb\":{\"@id\":\"https:\\\/\\\/vivirosa.com\\\/closing-cost-estimator#breadcrumb\"},\"inLanguage\":\"es-CR\",\"potentialAction\":[{\"@type\":\"ReadAction\",\"target\":[\"https:\\\/\\\/vivirosa.com\\\/closing-cost-estimator\"]}]},{\"@type\":\"BreadcrumbList\",\"@id\":\"https:\\\/\\\/vivirosa.com\\\/closing-cost-estimator#breadcrumb\",\"itemListElement\":[{\"@type\":\"ListItem\",\"position\":1,\"name\":\"Home\",\"item\":\"https:\\\/\\\/vivirosa.com\\\/\"},{\"@type\":\"ListItem\",\"position\":2,\"name\":\"Closing Cost Estimator\"}]},{\"@type\":\"WebSite\",\"@id\":\"https:\\\/\\\/vivirosa.com\\\/fr\\\/#website\",\"url\":\"https:\\\/\\\/vivirosa.com\\\/fr\\\/\",\"name\":\"Vivirosa\",\"description\":\"Costa Rica real estate made easy\",\"publisher\":{\"@id\":\"https:\\\/\\\/vivirosa.com\\\/fr\\\/#organization\"},\"potentialAction\":[{\"@type\":\"SearchAction\",\"target\":{\"@type\":\"EntryPoint\",\"urlTemplate\":\"https:\\\/\\\/vivirosa.com\\\/fr\\\/?s={search_term_string}\"},\"query-input\":{\"@type\":\"PropertyValueSpecification\",\"valueRequired\":true,\"valueName\":\"search_term_string\"}}],\"inLanguage\":\"es-CR\"},{\"@type\":\"Organization\",\"@id\":\"https:\\\/\\\/vivirosa.com\\\/fr\\\/#organization\",\"name\":\"Vivirosa\",\"url\":\"https:\\\/\\\/vivirosa.com\\\/fr\\\/\",\"logo\":{\"@type\":\"ImageObject\",\"inLanguage\":\"es-CR\",\"@id\":\"https:\\\/\\\/vivirosa.com\\\/fr\\\/#\\\/schema\\\/logo\\\/image\\\/\",\"url\":\"https:\\\/\\\/vivirosa.com\\\/wp-content\\\/uploads\\\/2025\\\/02\\\/vivirosa-logo.png\",\"contentUrl\":\"https:\\\/\\\/vivirosa.com\\\/wp-content\\\/uploads\\\/2025\\\/02\\\/vivirosa-logo.png\",\"width\":1200,\"height\":240,\"caption\":\"Vivirosa\"},\"image\":{\"@id\":\"https:\\\/\\\/vivirosa.com\\\/fr\\\/#\\\/schema\\\/logo\\\/image\\\/\"},\"sameAs\":[\"https:\\\/\\\/www.facebook.com\\\/profile.php?id=61561901322800\"]}]}<\/script>\n<!-- \/ Yoast SEO plugin. -->","yoast_head_json":{"title":"Closing Cost Estimator - Vivirosa","robots":{"index":"index","follow":"follow","max-snippet":"max-snippet:-1","max-image-preview":"max-image-preview:large","max-video-preview":"max-video-preview:-1"},"canonical":"https:\/\/vivirosa.com\/es\/closing-cost-estimator\/","og_locale":"es_ES","og_type":"article","og_title":"Closing Cost Estimator - Vivirosa","og_description":"Closing Cost Estimator Closing costs in Costa Rica\u2014including transfer fees, legal fees, registry costs, and sales tax (VAT\/IVA)\u2014must be factored into your budget when calculating the total cost of buying or selling property. These costs are typically paid by the buyer or shared with the seller, depending on your negotiation. \u00a0 USE OUR FREE TOOL [&hellip;]","og_url":"https:\/\/vivirosa.com\/es\/closing-cost-estimator\/","og_site_name":"Vivirosa","article_publisher":"https:\/\/www.facebook.com\/profile.php?id=61561901322800","article_modified_time":"2024-12-06T20:08:52+00:00","twitter_card":"summary_large_image","twitter_misc":{"Est. reading time":"1 minuto"},"schema":{"@context":"https:\/\/schema.org","@graph":[{"@type":"WebPage","@id":"https:\/\/vivirosa.com\/closing-cost-estimator","url":"https:\/\/vivirosa.com\/closing-cost-estimator","name":"Closing Cost Estimator - Vivirosa","isPartOf":{"@id":"https:\/\/vivirosa.com\/fr\/#website"},"datePublished":"2024-12-05T20:15:09+00:00","dateModified":"2024-12-06T20:08:52+00:00","breadcrumb":{"@id":"https:\/\/vivirosa.com\/closing-cost-estimator#breadcrumb"},"inLanguage":"es-CR","potentialAction":[{"@type":"ReadAction","target":["https:\/\/vivirosa.com\/closing-cost-estimator"]}]},{"@type":"BreadcrumbList","@id":"https:\/\/vivirosa.com\/closing-cost-estimator#breadcrumb","itemListElement":[{"@type":"ListItem","position":1,"name":"Home","item":"https:\/\/vivirosa.com\/"},{"@type":"ListItem","position":2,"name":"Closing Cost Estimator"}]},{"@type":"WebSite","@id":"https:\/\/vivirosa.com\/fr\/#website","url":"https:\/\/vivirosa.com\/fr\/","name":"Vivirosa","description":"Bienes ra\u00edces en Costa Rica simplificados","publisher":{"@id":"https:\/\/vivirosa.com\/fr\/#organization"},"potentialAction":[{"@type":"SearchAction","target":{"@type":"EntryPoint","urlTemplate":"https:\/\/vivirosa.com\/fr\/?s={search_term_string}"},"query-input":{"@type":"PropertyValueSpecification","valueRequired":true,"valueName":"search_term_string"}}],"inLanguage":"es-CR"},{"@type":"Organization","@id":"https:\/\/vivirosa.com\/fr\/#organization","name":"Vivirosa","url":"https:\/\/vivirosa.com\/fr\/","logo":{"@type":"ImageObject","inLanguage":"es-CR","@id":"https:\/\/vivirosa.com\/fr\/#\/schema\/logo\/image\/","url":"https:\/\/vivirosa.com\/wp-content\/uploads\/2025\/02\/vivirosa-logo.png","contentUrl":"https:\/\/vivirosa.com\/wp-content\/uploads\/2025\/02\/vivirosa-logo.png","width":1200,"height":240,"caption":"Vivirosa"},"image":{"@id":"https:\/\/vivirosa.com\/fr\/#\/schema\/logo\/image\/"},"sameAs":["https:\/\/www.facebook.com\/profile.php?id=61561901322800"]}]}},"_links":{"self":[{"href":"https:\/\/vivirosa.com\/es\/wp-json\/wp\/v2\/pages\/29239","targetHints":{"allow":["GET"]}}],"collection":[{"href":"https:\/\/vivirosa.com\/es\/wp-json\/wp\/v2\/pages"}],"about":[{"href":"https:\/\/vivirosa.com\/es\/wp-json\/wp\/v2\/types\/page"}],"author":[{"embeddable":true,"href":"https:\/\/vivirosa.com\/es\/wp-json\/wp\/v2\/users\/11"}],"replies":[{"embeddable":true,"href":"https:\/\/vivirosa.com\/es\/wp-json\/wp\/v2\/comments?post=29239"}],"version-history":[{"count":94,"href":"https:\/\/vivirosa.com\/es\/wp-json\/wp\/v2\/pages\/29239\/revisions"}],"predecessor-version":[{"id":29444,"href":"https:\/\/vivirosa.com\/es\/wp-json\/wp\/v2\/pages\/29239\/revisions\/29444"}],"wp:attachment":[{"href":"https:\/\/vivirosa.com\/es\/wp-json\/wp\/v2\/media?parent=29239"}],"curies":[{"name":"wp","href":"https:\/\/api.w.org\/{rel}","templated":true}]}}