{"id":20085,"date":"2024-11-18T09:54:16","date_gmt":"2024-11-18T15:54:16","guid":{"rendered":"https:\/\/vivirosa.com\/?page_id=20085"},"modified":"2024-11-19T13:05:48","modified_gmt":"2024-11-19T19:05:48","slug":"list","status":"publish","type":"page","link":"https:\/\/vivirosa.com\/fr\/list","title":{"rendered":"List"},"content":{"rendered":"<div data-elementor-type=\"wp-page\" data-elementor-id=\"20085\" class=\"elementor elementor-20085\">\n\t\t\t\t<div class=\"elementor-element elementor-element-d643264 e-flex e-con-boxed e-con e-parent\" data-id=\"d643264\" data-element_type=\"container\" data-e-type=\"container\">\n\t\t\t\t\t<div class=\"e-con-inner\">\n\t\t\t\t<div class=\"elementor-element elementor-element-6093d37 elementor-widget elementor-widget-heading\" data-id=\"6093d37\" data-element_type=\"widget\" data-e-type=\"widget\" data-widget_type=\"heading.default\">\n\t\t\t\t<div class=\"elementor-widget-container\">\n\t\t\t\t\t<h1 class=\"elementor-heading-title elementor-size-default\">Inscrivez vous sur notre liste.<\/h1>\t\t\t\t<\/div>\n\t\t\t\t<\/div>\n\t\t\t\t<div class=\"elementor-element elementor-element-bc8b6c1 elementor-widget__width-initial elementor-widget elementor-widget-text-editor\" data-id=\"bc8b6c1\" data-element_type=\"widget\" data-e-type=\"widget\" data-widget_type=\"text-editor.default\">\n\t\t\t\t<div class=\"elementor-widget-container\">\n\t\t\t\t\t\t\t\t\t<p>Obtenez plus de visibilit\u00e9 et des prospects de meilleure qualit\u00e9.<\/p>\t\t\t\t\t\t\t\t<\/div>\n\t\t\t\t<\/div>\n\t\t\t\t\t<\/div>\n\t\t\t\t<\/div>\n\t\t<div class=\"elementor-element elementor-element-f40c7e1 e-grid e-con-boxed e-con e-child\" data-id=\"f40c7e1\" data-element_type=\"container\" data-e-type=\"container\">\n\t\t\t\t\t<div class=\"e-con-inner\">\n\t\t<div class=\"elementor-element elementor-element-48e5f6b price-box e-flex e-con-boxed e-con e-child\" data-id=\"48e5f6b\" data-element_type=\"container\" data-e-type=\"container\" data-settings=\"{&quot;background_background&quot;:&quot;classic&quot;}\">\n\t\t\t\t\t<div class=\"e-con-inner\">\n\t\t\t\t<div class=\"elementor-element elementor-element-433cd67 elementor-widget elementor-widget-heading\" data-id=\"433cd67\" data-element_type=\"widget\" data-e-type=\"widget\" data-widget_type=\"heading.default\">\n\t\t\t\t<div class=\"elementor-widget-container\">\n\t\t\t\t\t<h2 class=\"elementor-heading-title elementor-size-default\">Propri\u00e9taires de biens immobiliers<\/h2>\t\t\t\t<\/div>\n\t\t\t\t<\/div>\n\t\t\t\t<div class=\"elementor-element elementor-element-2b331d3 elementor-widget__width-initial elementor-widget elementor-widget-text-editor\" data-id=\"2b331d3\" data-element_type=\"widget\" data-e-type=\"widget\" data-widget_type=\"text-editor.default\">\n\t\t\t\t<div class=\"elementor-widget-container\">\n\t\t\t\t\t\t\t\t\t<p>Il vous suffit d'ouvrir un compte gratuit, de cr\u00e9er votre annonce et de ne payer qu'une seule fois.\u00a0<b> 2%<\/b> <strong>Commission<\/strong> lorsqu'un acheteur de Vivir Osa ach\u00e8te votre propri\u00e9t\u00e9.<\/p>\t\t\t\t\t\t\t\t<\/div>\n\t\t\t\t<\/div>\n\t\t\t\t<div class=\"elementor-element elementor-element-f04b50d price-button elementor-widget elementor-widget-html\" data-id=\"f04b50d\" data-element_type=\"widget\" data-e-type=\"widget\" data-widget_type=\"html.default\">\n\t\t\t\t<div class=\"elementor-widget-container\">\n\t\t\t\t\t<ul class=\"list-unstyled\">\n    <li class=\"register-link\">\n        <a class=\"btn btn-primary\" href=\"#\" data-toggle=\"modal\" data-target=\"#login-register-form\">S'inscrire \u00e0 un compte gratuit<\/a>\n    <\/li>\n<\/ul>\t\t\t\t<\/div>\n\t\t\t\t<\/div>\n\t\t\t\t<div class=\"elementor-element elementor-element-4683a4f price-description elementor-widget elementor-widget-text-editor\" data-id=\"4683a4f\" data-element_type=\"widget\" data-e-type=\"widget\" data-widget_type=\"text-editor.default\">\n\t\t\t\t<div class=\"elementor-widget-container\">\n\t\t\t\t\t\t\t\t\t<ul class=\"list-unstyled\"><li><i class=\"houzez-icon icon-check-circle-1 primary-text mr-1\"><\/i>1 page d'inscription d\u00e9di\u00e9e<\/li><li><i class=\"houzez-icon icon-check-circle-1 primary-text mr-1\"><\/i>Jusqu'\u00e0 24 photos<\/li><li><i class=\"houzez-icon icon-check-circle-1 primary-text mr-1\"><\/i>1 vid\u00e9o<\/li><li><i class=\"houzez-icon icon-check-circle-1 primary-text mr-1\"><\/i>Analyse des performances<\/li><li><i class=\"houzez-icon icon-check-circle-1 primary-text mr-1\"><\/i>Mod\u00e8les de documents juridiques<\/li><li><i class=\"houzez-icon icon-check-circle-1 primary-text mr-1\"><\/i>Appels \u00e0 l'aide<\/li><li>Vous avez \u00e9galement acc\u00e8s \u00e0 notre r\u00e9seau d'avocats, de topographes, d'inspecteurs en b\u00e2timent, etc.<\/li><\/ul>\t\t\t\t\t\t\t\t<\/div>\n\t\t\t\t<\/div>\n\t\t\t\t\t<\/div>\n\t\t\t\t<\/div>\n\t\t<div class=\"elementor-element elementor-element-43d9f77 price-box e-con-full e-flex e-con e-child\" data-id=\"43d9f77\" data-element_type=\"container\" data-e-type=\"container\" data-settings=\"{&quot;background_background&quot;:&quot;classic&quot;}\">\n\t\t\t\t<div class=\"elementor-element elementor-element-cdbd6ab elementor-widget elementor-widget-heading\" data-id=\"cdbd6ab\" data-element_type=\"widget\" data-e-type=\"widget\" data-widget_type=\"heading.default\">\n\t\t\t\t<div class=\"elementor-widget-container\">\n\t\t\t\t\t<h2 class=\"elementor-heading-title elementor-size-default\">Agents immobiliers agr\u00e9\u00e9s<\/h2>\t\t\t\t<\/div>\n\t\t\t\t<\/div>\n\t\t\t\t<div class=\"elementor-element elementor-element-48db990 elementor-widget__width-initial elementor-widget elementor-widget-text-editor\" data-id=\"48db990\" data-element_type=\"widget\" data-e-type=\"widget\" data-widget_type=\"text-editor.default\">\n\t\t\t\t<div class=\"elementor-widget-container\">\n\t\t\t\t\t\t\t\t\t<p><span style=\"color: var( --e-global-color-secondary ); background-color: var( --e-global-color-b25ccf6 );\">Exposition gratuite,<\/span><span style=\"color: var( --e-global-color-secondary ); background-color: var( --e-global-color-b25ccf6 );\">\u00a0plus de prospects, sans travail suppl\u00e9mentaire.<br \/><\/span>Ne payez une commission de recommandation que lorsque vous r\u00e9alisez une vente.<\/p>\t\t\t\t\t\t\t\t<\/div>\n\t\t\t\t<\/div>\n\t\t\t\t<div class=\"elementor-element elementor-element-4bbd988 elementor-align-center elementor-widget elementor-widget-button\" data-id=\"4bbd988\" data-element_type=\"widget\" data-e-type=\"widget\" data-widget_type=\"button.default\">\n\t\t\t\t<div class=\"elementor-widget-container\">\n\t\t\t\t\t\t\t\t\t<div class=\"elementor-button-wrapper\">\n\t\t\t\t\t<a class=\"elementor-button elementor-button-link elementor-size-sm\" href=\"\/fr\/contact\/\">\n\t\t\t\t\t\t<span class=\"elementor-button-content-wrapper\">\n\t\t\t\t\t\t\t\t\t<span class=\"elementor-button-text\">Contactez-nous pour commencer<\/span>\n\t\t\t\t\t<\/span>\n\t\t\t\t\t<\/a>\n\t\t\t\t<\/div>\n\t\t\t\t\t\t\t\t<\/div>\n\t\t\t\t<\/div>\n\t\t\t\t<div class=\"elementor-element elementor-element-efe69ec price-description elementor-widget elementor-widget-text-editor\" data-id=\"efe69ec\" data-element_type=\"widget\" data-e-type=\"widget\" data-widget_type=\"text-editor.default\">\n\t\t\t\t<div class=\"elementor-widget-container\">\n\t\t\t\t\t\t\t\t\t<ul class=\"list-unstyled\"><li><i class=\"houzez-icon icon-check-circle-1 primary-text mr-1\"><\/i>Obtenir des pistes d'acheteurs et de vendeurs qualifi\u00e9s<\/li><li><i class=\"houzez-icon icon-check-circle-1 primary-text mr-1\"><\/i>Exposition locale et internationale<\/li><li><i class=\"houzez-icon icon-check-circle-1 primary-text mr-1\"><\/i>Uniquement des listes exclusives \u00e0 jour<\/li><li><i class=\"houzez-icon icon-check-circle-1 primary-text mr-1\"><\/i>Int\u00e9gration gratuite \u00e0 votre plateforme immobili\u00e8re<\/li><li><i class=\"houzez-icon icon-check-circle-1 primary-text mr-1\"><\/i>Pas de saisie manuelle ni de mise \u00e0 jour de vos listes.<\/li><li><i class=\"houzez-icon icon-check-circle-1 primary-text mr-1\"><\/i>20% off Plano Ninja<\/li><li>\u00a0<\/li><\/ul>\t\t\t\t\t\t\t\t<\/div>\n\t\t\t\t<\/div>\n\t\t\t\t<\/div>\n\t\t\t\t\t<\/div>\n\t\t\t\t<\/div>\n\t\t\t\t<\/div>","protected":false},"excerpt":{"rendered":"<p>List with us. Get more exposure and better quality leads. Property Owners Simply register a free account, create your listing and pay only a\u00a0 2% commission when a Vivir Osa buyer purchases your property. Sign up for a free account 1 dedicated listing page Up to 24 photos 1 video Performance analytics Legal document templates [&hellip;]<\/p>\n","protected":false},"author":1,"featured_media":0,"parent":0,"menu_order":0,"comment_status":"closed","ping_status":"closed","template":"elementor_header_footer","meta":{"footnotes":""},"class_list":["post-20085","page","type-page","status-publish","hentry"],"yoast_head":"<!-- This site is optimized with the Yoast SEO plugin v27.4 - https:\/\/yoast.com\/product\/yoast-seo-wordpress\/ -->\n<title>List - Vivirosa<\/title>\n<meta name=\"robots\" content=\"index, follow, max-snippet:-1, max-image-preview:large, max-video-preview:-1\" \/>\n<link rel=\"canonical\" href=\"https:\/\/vivirosa.com\/fr\/list\/\" \/>\n<meta property=\"og:locale\" content=\"fr_CA\" \/>\n<meta property=\"og:type\" content=\"article\" \/>\n<meta property=\"og:title\" content=\"List - Vivirosa\" \/>\n<meta property=\"og:description\" content=\"List with us. Get more exposure and better quality leads. Property Owners Simply register a free account, create your listing and pay only a\u00a0 2% commission when a Vivir Osa buyer purchases your property. Sign up for a free account 1 dedicated listing page Up to 24 photos 1 video Performance analytics Legal document templates [&hellip;]\" \/>\n<meta property=\"og:url\" content=\"https:\/\/vivirosa.com\/fr\/list\/\" \/>\n<meta property=\"og:site_name\" content=\"Vivirosa\" \/>\n<meta property=\"article:publisher\" content=\"https:\/\/www.facebook.com\/profile.php?id=61561901322800\" \/>\n<meta property=\"article:modified_time\" content=\"2024-11-19T19:05:48+00:00\" \/>\n<meta name=\"twitter:card\" content=\"summary_large_image\" \/>\n<meta name=\"twitter:label1\" content=\"Estimation du temps de lecture\" \/>\n\t<meta name=\"twitter:data1\" content=\"1 minute\" \/>\n<script type=\"application\/ld+json\" class=\"yoast-schema-graph\">{\"@context\":\"https:\\\/\\\/schema.org\",\"@graph\":[{\"@type\":\"WebPage\",\"@id\":\"https:\\\/\\\/vivirosa.com\\\/list\",\"url\":\"https:\\\/\\\/vivirosa.com\\\/list\",\"name\":\"List - Vivirosa\",\"isPartOf\":{\"@id\":\"https:\\\/\\\/vivirosa.com\\\/fr\\\/#website\"},\"datePublished\":\"2024-11-18T15:54:16+00:00\",\"dateModified\":\"2024-11-19T19:05:48+00:00\",\"breadcrumb\":{\"@id\":\"https:\\\/\\\/vivirosa.com\\\/list#breadcrumb\"},\"inLanguage\":\"fr-CA\",\"potentialAction\":[{\"@type\":\"ReadAction\",\"target\":[\"https:\\\/\\\/vivirosa.com\\\/list\"]}]},{\"@type\":\"BreadcrumbList\",\"@id\":\"https:\\\/\\\/vivirosa.com\\\/list#breadcrumb\",\"itemListElement\":[{\"@type\":\"ListItem\",\"position\":1,\"name\":\"Home\",\"item\":\"https:\\\/\\\/vivirosa.com\\\/\"},{\"@type\":\"ListItem\",\"position\":2,\"name\":\"List\"}]},{\"@type\":\"WebSite\",\"@id\":\"https:\\\/\\\/vivirosa.com\\\/fr\\\/#website\",\"url\":\"https:\\\/\\\/vivirosa.com\\\/fr\\\/\",\"name\":\"Vivirosa\",\"description\":\"Costa Rica real estate made easy\",\"publisher\":{\"@id\":\"https:\\\/\\\/vivirosa.com\\\/fr\\\/#organization\"},\"potentialAction\":[{\"@type\":\"SearchAction\",\"target\":{\"@type\":\"EntryPoint\",\"urlTemplate\":\"https:\\\/\\\/vivirosa.com\\\/fr\\\/?s={search_term_string}\"},\"query-input\":{\"@type\":\"PropertyValueSpecification\",\"valueRequired\":true,\"valueName\":\"search_term_string\"}}],\"inLanguage\":\"fr-CA\"},{\"@type\":\"Organization\",\"@id\":\"https:\\\/\\\/vivirosa.com\\\/fr\\\/#organization\",\"name\":\"Vivirosa\",\"url\":\"https:\\\/\\\/vivirosa.com\\\/fr\\\/\",\"logo\":{\"@type\":\"ImageObject\",\"inLanguage\":\"fr-CA\",\"@id\":\"https:\\\/\\\/vivirosa.com\\\/fr\\\/#\\\/schema\\\/logo\\\/image\\\/\",\"url\":\"https:\\\/\\\/vivirosa.com\\\/wp-content\\\/uploads\\\/2025\\\/02\\\/vivirosa-logo.png\",\"contentUrl\":\"https:\\\/\\\/vivirosa.com\\\/wp-content\\\/uploads\\\/2025\\\/02\\\/vivirosa-logo.png\",\"width\":1200,\"height\":240,\"caption\":\"Vivirosa\"},\"image\":{\"@id\":\"https:\\\/\\\/vivirosa.com\\\/fr\\\/#\\\/schema\\\/logo\\\/image\\\/\"},\"sameAs\":[\"https:\\\/\\\/www.facebook.com\\\/profile.php?id=61561901322800\"]}]}<\/script>\n<!-- \/ Yoast SEO plugin. -->","yoast_head_json":{"title":"List - Vivirosa","robots":{"index":"index","follow":"follow","max-snippet":"max-snippet:-1","max-image-preview":"max-image-preview:large","max-video-preview":"max-video-preview:-1"},"canonical":"https:\/\/vivirosa.com\/fr\/list\/","og_locale":"fr_CA","og_type":"article","og_title":"List - Vivirosa","og_description":"List with us. Get more exposure and better quality leads. Property Owners Simply register a free account, create your listing and pay only a\u00a0 2% commission when a Vivir Osa buyer purchases your property. Sign up for a free account 1 dedicated listing page Up to 24 photos 1 video Performance analytics Legal document templates [&hellip;]","og_url":"https:\/\/vivirosa.com\/fr\/list\/","og_site_name":"Vivirosa","article_publisher":"https:\/\/www.facebook.com\/profile.php?id=61561901322800","article_modified_time":"2024-11-19T19:05:48+00:00","twitter_card":"summary_large_image","twitter_misc":{"Estimation du temps de lecture":"1 minute"},"schema":{"@context":"https:\/\/schema.org","@graph":[{"@type":"WebPage","@id":"https:\/\/vivirosa.com\/list","url":"https:\/\/vivirosa.com\/list","name":"List - Vivirosa","isPartOf":{"@id":"https:\/\/vivirosa.com\/fr\/#website"},"datePublished":"2024-11-18T15:54:16+00:00","dateModified":"2024-11-19T19:05:48+00:00","breadcrumb":{"@id":"https:\/\/vivirosa.com\/list#breadcrumb"},"inLanguage":"fr-CA","potentialAction":[{"@type":"ReadAction","target":["https:\/\/vivirosa.com\/list"]}]},{"@type":"BreadcrumbList","@id":"https:\/\/vivirosa.com\/list#breadcrumb","itemListElement":[{"@type":"ListItem","position":1,"name":"Home","item":"https:\/\/vivirosa.com\/"},{"@type":"ListItem","position":2,"name":"List"}]},{"@type":"WebSite","@id":"https:\/\/vivirosa.com\/fr\/#website","url":"https:\/\/vivirosa.com\/fr\/","name":"Vivirosa","description":"L&#039;immobilier au Costa Rica simplifi\u00e9","publisher":{"@id":"https:\/\/vivirosa.com\/fr\/#organization"},"potentialAction":[{"@type":"SearchAction","target":{"@type":"EntryPoint","urlTemplate":"https:\/\/vivirosa.com\/fr\/?s={search_term_string}"},"query-input":{"@type":"PropertyValueSpecification","valueRequired":true,"valueName":"search_term_string"}}],"inLanguage":"fr-CA"},{"@type":"Organization","@id":"https:\/\/vivirosa.com\/fr\/#organization","name":"Vivirosa","url":"https:\/\/vivirosa.com\/fr\/","logo":{"@type":"ImageObject","inLanguage":"fr-CA","@id":"https:\/\/vivirosa.com\/fr\/#\/schema\/logo\/image\/","url":"https:\/\/vivirosa.com\/wp-content\/uploads\/2025\/02\/vivirosa-logo.png","contentUrl":"https:\/\/vivirosa.com\/wp-content\/uploads\/2025\/02\/vivirosa-logo.png","width":1200,"height":240,"caption":"Vivirosa"},"image":{"@id":"https:\/\/vivirosa.com\/fr\/#\/schema\/logo\/image\/"},"sameAs":["https:\/\/www.facebook.com\/profile.php?id=61561901322800"]}]}},"_links":{"self":[{"href":"https:\/\/vivirosa.com\/fr\/wp-json\/wp\/v2\/pages\/20085","targetHints":{"allow":["GET"]}}],"collection":[{"href":"https:\/\/vivirosa.com\/fr\/wp-json\/wp\/v2\/pages"}],"about":[{"href":"https:\/\/vivirosa.com\/fr\/wp-json\/wp\/v2\/types\/page"}],"author":[{"embeddable":true,"href":"https:\/\/vivirosa.com\/fr\/wp-json\/wp\/v2\/users\/1"}],"replies":[{"embeddable":true,"href":"https:\/\/vivirosa.com\/fr\/wp-json\/wp\/v2\/comments?post=20085"}],"version-history":[{"count":3,"href":"https:\/\/vivirosa.com\/fr\/wp-json\/wp\/v2\/pages\/20085\/revisions"}],"predecessor-version":[{"id":20151,"href":"https:\/\/vivirosa.com\/fr\/wp-json\/wp\/v2\/pages\/20085\/revisions\/20151"}],"wp:attachment":[{"href":"https:\/\/vivirosa.com\/fr\/wp-json\/wp\/v2\/media?parent=20085"}],"curies":[{"name":"wp","href":"https:\/\/api.w.org\/{rel}","templated":true}]}}