{"id":29239,"date":"2024-12-05T14:15:09","date_gmt":"2024-12-05T20:15:09","guid":{"rendered":"https:\/\/vivirosa.com\/?page_id=29239"},"modified":"2024-12-06T14:08:52","modified_gmt":"2024-12-06T20:08:52","slug":"closing-cost-estimator","status":"publish","type":"page","link":"https:\/\/vivirosa.com\/fr\/closing-cost-estimator","title":{"rendered":"Estimation des frais de cl\u00f4ture"},"content":{"rendered":"<div data-elementor-type=\"wp-page\" data-elementor-id=\"29239\" class=\"elementor elementor-29239\">\n\t\t\t\t<div class=\"elementor-element elementor-element-d06e8ad e-flex e-con-boxed e-con e-parent\" data-id=\"d06e8ad\" data-element_type=\"container\" data-e-type=\"container\">\n\t\t\t\t\t<div class=\"e-con-inner\">\n\t\t<div class=\"elementor-element elementor-element-14756b4 e-con-full e-flex e-con e-child\" data-id=\"14756b4\" data-element_type=\"container\" data-e-type=\"container\">\n\t\t\t\t<div class=\"elementor-element elementor-element-28b4d05 elementor-widget elementor-widget-heading\" data-id=\"28b4d05\" data-element_type=\"widget\" data-e-type=\"widget\" data-widget_type=\"heading.default\">\n\t\t\t\t<div class=\"elementor-widget-container\">\n\t\t\t\t\t<h1 class=\"elementor-heading-title elementor-size-default\">Estimation des frais de cl\u00f4ture<\/h1>\t\t\t\t<\/div>\n\t\t\t\t<\/div>\n\t\t\t\t<div class=\"elementor-element elementor-element-dc8df3d elementor-widget elementor-widget-text-editor\" data-id=\"dc8df3d\" data-element_type=\"widget\" data-e-type=\"widget\" data-widget_type=\"text-editor.default\">\n\t\t\t\t<div class=\"elementor-widget-container\">\n\t\t\t\t\t\t\t\t\t<p>Les frais de cl\u00f4ture au Costa Rica - y compris les frais de transfert, les frais juridiques, les frais d'enregistrement et la taxe sur les ventes (TVA\/IVA) - doivent \u00eatre pris en compte dans votre budget lorsque vous calculez le co\u00fbt total de l'achat ou de la vente d'un bien immobilier. Ces frais sont g\u00e9n\u00e9ralement pay\u00e9s par l'acheteur ou partag\u00e9s avec le vendeur, en fonction de la n\u00e9gociation.<\/p><p>\u00a0<\/p><h4><strong>UTILISEZ NOTRE OUTIL GRATUIT POUR ESTIMER VOS FRAIS DE CL\u00d4TURE<\/strong><\/h4>\t\t\t\t\t\t\t\t<\/div>\n\t\t\t\t<\/div>\n\t\t\t\t<div class=\"elementor-element elementor-element-dfa0afd elementor-widget elementor-widget-shortcode\" data-id=\"dfa0afd\" data-element_type=\"widget\" data-e-type=\"widget\" data-widget_type=\"shortcode.default\">\n\t\t\t\t<div class=\"elementor-widget-container\">\n\t\t\t\t\t<form method=\"post\" style=\"margin-top:20px;margin-bottom:40px;\" action=\"\"><label for=\"property_value\">Saisir le prix du bien (en USD)<\/label><input type=\"number\" name=\"property_value\" id=\"property_value\" required style=\"width:50%; padding:10px; margin:10px 15px;\"><button type=\"submit\" style=\"\" class=\"submit-button\">Calculer<\/button><input type=\"hidden\" name=\"trp-form-language\" value=\"fr\"\/><\/form>\t\t<div class=\"elementor-shortcode\"><\/div>\n\t\t\t\t\t\t<\/div>\n\t\t\t\t<\/div>\n\t\t\t\t<\/div>\n\t\t\t\t<div class=\"elementor-element elementor-element-898fb77 elementor-widget elementor-widget-spacer\" data-id=\"898fb77\" data-element_type=\"widget\" data-e-type=\"widget\" data-widget_type=\"spacer.default\">\n\t\t\t\t<div class=\"elementor-widget-container\">\n\t\t\t\t\t\t\t<div class=\"elementor-spacer\">\n\t\t\t<div class=\"elementor-spacer-inner\"><\/div>\n\t\t<\/div>\n\t\t\t\t\t\t<\/div>\n\t\t\t\t<\/div>\n\t\t\t\t<div class=\"elementor-element elementor-element-e8ae9fe elementor-widget elementor-widget-heading\" data-id=\"e8ae9fe\" data-element_type=\"widget\" data-e-type=\"widget\" data-widget_type=\"heading.default\">\n\t\t\t\t<div class=\"elementor-widget-container\">\n\t\t\t\t\t<h2 class=\"elementor-heading-title elementor-size-default\">D\u00e9penses non incluses dans le calcul des frais de cl\u00f4ture<\/h2>\t\t\t\t<\/div>\n\t\t\t\t<\/div>\n\t\t\t\t<div class=\"elementor-element elementor-element-334dbda elementor-widget elementor-widget-text-editor\" data-id=\"334dbda\" data-element_type=\"widget\" data-e-type=\"widget\" data-widget_type=\"text-editor.default\">\n\t\t\t\t<div class=\"elementor-widget-container\">\n\t\t\t\t\t\t\t\t\t<p>Les frais de cl\u00f4ture ne couvrent que les frais juridiques n\u00e9cessaires au transfert de propri\u00e9t\u00e9. <strong>Ils n'incluent pas d'autres d\u00e9penses potentielles, telles que<\/strong><\/p>\t\t\t\t\t\t\t\t<\/div>\n\t\t\t\t<\/div>\n\t\t\t\t<div class=\"elementor-element elementor-element-f2584e5 elementor-widget elementor-widget-text-editor\" data-id=\"f2584e5\" data-element_type=\"widget\" data-e-type=\"widget\" data-widget_type=\"text-editor.default\">\n\t\t\t\t<div class=\"elementor-widget-container\">\n\t\t\t\t\t\t\t\t\t<p><strong>Co\u00fbts de la diligence raisonnable :<\/strong> Comprend les examens topographiques, les inspections de maisons et les travaux juridiques suppl\u00e9mentaires qui ne sont pas couverts par les frais de notaire de votre avocat. Remarque : les avocats qui font office de notaires incluent souvent une certaine diligence dans leurs honoraires. Confirmez les structures de facturation et les \u00e9l\u00e9ments inclus avec votre conseiller juridique.<\/p>\t\t\t\t\t\t\t\t<\/div>\n\t\t\t\t<\/div>\n\t\t\t\t<div class=\"elementor-element elementor-element-bd55f23 elementor-widget elementor-widget-text-editor\" data-id=\"bd55f23\" data-element_type=\"widget\" data-e-type=\"widget\" data-widget_type=\"text-editor.default\">\n\t\t\t\t<div class=\"elementor-widget-container\">\n\t\t\t\t\t\t\t\t\t<p><strong>Frais d'entiercement :<\/strong> Bien qu'ils ne soient pas obligatoires, les services de d\u00e9p\u00f4t fiduciaire sont couramment utilis\u00e9s et leurs frais (plus la TVA) ne sont pas inclus dans les calculs.<\/p>\t\t\t\t\t\t\t\t<\/div>\n\t\t\t\t<\/div>\n\t\t\t\t<div class=\"elementor-element elementor-element-cbbd1cb elementor-widget elementor-widget-text-editor\" data-id=\"cbbd1cb\" data-element_type=\"widget\" data-e-type=\"widget\" data-widget_type=\"text-editor.default\">\n\t\t\t\t<div class=\"elementor-widget-container\">\n\t\t\t\t\t\t\t\t\t<p><strong>Frais de constitution ou de dissolution de l'entreprise : <\/strong>De nombreux acheteurs utilisent des soci\u00e9t\u00e9s costariciennes pour d\u00e9tenir des titres de propri\u00e9t\u00e9. Les co\u00fbts de cr\u00e9ation d'une nouvelle soci\u00e9t\u00e9 ou de fermeture d'une soci\u00e9t\u00e9 existante ne sont pas pris en compte dans ces estimations. Pour en savoir plus sur la propri\u00e9t\u00e9 des soci\u00e9t\u00e9s, consultez notre section FAQ.<\/p>\t\t\t\t\t\t\t\t<\/div>\n\t\t\t\t<\/div>\n\t\t\t\t<div class=\"elementor-element elementor-element-45648fc elementor-widget elementor-widget-text-editor\" data-id=\"45648fc\" data-element_type=\"widget\" data-e-type=\"widget\" data-widget_type=\"text-editor.default\">\n\t\t\t\t<div class=\"elementor-widget-container\">\n\t\t\t\t\t\t\t\t\t<p><strong>Plus-values (vendeurs uniquement) :<\/strong> Les vendeurs sont soumis \u00e0 une taxe sur les plus-values 15% pour les biens acquis apr\u00e8s le 1er juillet 2019, sauf s'il s'agit de leur r\u00e9sidence principale, o\u00f9 ils doivent avoir v\u00e9cu au moins 183 jours par an.<\/p>\t\t\t\t\t\t\t\t<\/div>\n\t\t\t\t<\/div>\n\t\t\t\t<div class=\"elementor-element elementor-element-cba7f19 elementor-widget elementor-widget-spacer\" data-id=\"cba7f19\" data-element_type=\"widget\" data-e-type=\"widget\" data-widget_type=\"spacer.default\">\n\t\t\t\t<div class=\"elementor-widget-container\">\n\t\t\t\t\t\t\t<div class=\"elementor-spacer\">\n\t\t\t<div class=\"elementor-spacer-inner\"><\/div>\n\t\t<\/div>\n\t\t\t\t\t\t<\/div>\n\t\t\t\t<\/div>\n\t\t\t\t\t<\/div>\n\t\t\t\t<\/div>\n\t\t\t\t<\/div>","protected":false},"excerpt":{"rendered":"<p>Closing Cost Estimator Closing costs in Costa Rica\u2014including transfer fees, legal fees, registry costs, and sales tax (VAT\/IVA)\u2014must be factored into your budget when calculating the total cost of buying or selling property. These costs are typically paid by the buyer or shared with the seller, depending on your negotiation. \u00a0 USE OUR FREE TOOL [&hellip;]<\/p>\n","protected":false},"author":11,"featured_media":0,"parent":0,"menu_order":0,"comment_status":"closed","ping_status":"closed","template":"elementor_header_footer","meta":{"footnotes":""},"class_list":["post-29239","page","type-page","status-publish","hentry"],"yoast_head":"<!-- This site is optimized with the Yoast SEO plugin v27.4 - https:\/\/yoast.com\/product\/yoast-seo-wordpress\/ -->\n<title>Closing Cost Estimator - Vivirosa<\/title>\n<meta name=\"robots\" content=\"index, follow, max-snippet:-1, max-image-preview:large, max-video-preview:-1\" \/>\n<link rel=\"canonical\" href=\"https:\/\/vivirosa.com\/fr\/closing-cost-estimator\/\" \/>\n<meta property=\"og:locale\" content=\"fr_CA\" \/>\n<meta property=\"og:type\" content=\"article\" \/>\n<meta property=\"og:title\" content=\"Closing Cost Estimator - Vivirosa\" \/>\n<meta property=\"og:description\" content=\"Closing Cost Estimator Closing costs in Costa Rica\u2014including transfer fees, legal fees, registry costs, and sales tax (VAT\/IVA)\u2014must be factored into your budget when calculating the total cost of buying or selling property. These costs are typically paid by the buyer or shared with the seller, depending on your negotiation. \u00a0 USE OUR FREE TOOL [&hellip;]\" \/>\n<meta property=\"og:url\" content=\"https:\/\/vivirosa.com\/fr\/closing-cost-estimator\/\" \/>\n<meta property=\"og:site_name\" content=\"Vivirosa\" \/>\n<meta property=\"article:publisher\" content=\"https:\/\/www.facebook.com\/profile.php?id=61561901322800\" \/>\n<meta property=\"article:modified_time\" content=\"2024-12-06T20:08:52+00:00\" \/>\n<meta name=\"twitter:card\" content=\"summary_large_image\" \/>\n<meta name=\"twitter:label1\" content=\"Estimation du temps de lecture\" \/>\n\t<meta name=\"twitter:data1\" content=\"1 minute\" \/>\n<script type=\"application\/ld+json\" class=\"yoast-schema-graph\">{\"@context\":\"https:\\\/\\\/schema.org\",\"@graph\":[{\"@type\":\"WebPage\",\"@id\":\"https:\\\/\\\/vivirosa.com\\\/closing-cost-estimator\",\"url\":\"https:\\\/\\\/vivirosa.com\\\/closing-cost-estimator\",\"name\":\"Closing Cost Estimator - Vivirosa\",\"isPartOf\":{\"@id\":\"https:\\\/\\\/vivirosa.com\\\/fr\\\/#website\"},\"datePublished\":\"2024-12-05T20:15:09+00:00\",\"dateModified\":\"2024-12-06T20:08:52+00:00\",\"breadcrumb\":{\"@id\":\"https:\\\/\\\/vivirosa.com\\\/closing-cost-estimator#breadcrumb\"},\"inLanguage\":\"fr-CA\",\"potentialAction\":[{\"@type\":\"ReadAction\",\"target\":[\"https:\\\/\\\/vivirosa.com\\\/closing-cost-estimator\"]}]},{\"@type\":\"BreadcrumbList\",\"@id\":\"https:\\\/\\\/vivirosa.com\\\/closing-cost-estimator#breadcrumb\",\"itemListElement\":[{\"@type\":\"ListItem\",\"position\":1,\"name\":\"Home\",\"item\":\"https:\\\/\\\/vivirosa.com\\\/\"},{\"@type\":\"ListItem\",\"position\":2,\"name\":\"Closing Cost Estimator\"}]},{\"@type\":\"WebSite\",\"@id\":\"https:\\\/\\\/vivirosa.com\\\/fr\\\/#website\",\"url\":\"https:\\\/\\\/vivirosa.com\\\/fr\\\/\",\"name\":\"Vivirosa\",\"description\":\"Costa Rica real estate made easy\",\"publisher\":{\"@id\":\"https:\\\/\\\/vivirosa.com\\\/fr\\\/#organization\"},\"potentialAction\":[{\"@type\":\"SearchAction\",\"target\":{\"@type\":\"EntryPoint\",\"urlTemplate\":\"https:\\\/\\\/vivirosa.com\\\/fr\\\/?s={search_term_string}\"},\"query-input\":{\"@type\":\"PropertyValueSpecification\",\"valueRequired\":true,\"valueName\":\"search_term_string\"}}],\"inLanguage\":\"fr-CA\"},{\"@type\":\"Organization\",\"@id\":\"https:\\\/\\\/vivirosa.com\\\/fr\\\/#organization\",\"name\":\"Vivirosa\",\"url\":\"https:\\\/\\\/vivirosa.com\\\/fr\\\/\",\"logo\":{\"@type\":\"ImageObject\",\"inLanguage\":\"fr-CA\",\"@id\":\"https:\\\/\\\/vivirosa.com\\\/fr\\\/#\\\/schema\\\/logo\\\/image\\\/\",\"url\":\"https:\\\/\\\/vivirosa.com\\\/wp-content\\\/uploads\\\/2025\\\/02\\\/vivirosa-logo.png\",\"contentUrl\":\"https:\\\/\\\/vivirosa.com\\\/wp-content\\\/uploads\\\/2025\\\/02\\\/vivirosa-logo.png\",\"width\":1200,\"height\":240,\"caption\":\"Vivirosa\"},\"image\":{\"@id\":\"https:\\\/\\\/vivirosa.com\\\/fr\\\/#\\\/schema\\\/logo\\\/image\\\/\"},\"sameAs\":[\"https:\\\/\\\/www.facebook.com\\\/profile.php?id=61561901322800\"]}]}<\/script>\n<!-- \/ Yoast SEO plugin. -->","yoast_head_json":{"title":"Outil d&#039;estimation des frais de cl\u00f4ture - Vivirosa","robots":{"index":"index","follow":"follow","max-snippet":"max-snippet:-1","max-image-preview":"max-image-preview:large","max-video-preview":"max-video-preview:-1"},"canonical":"https:\/\/vivirosa.com\/fr\/closing-cost-estimator\/","og_locale":"fr_CA","og_type":"article","og_title":"Closing Cost Estimator - Vivirosa","og_description":"Closing Cost Estimator Closing costs in Costa Rica\u2014including transfer fees, legal fees, registry costs, and sales tax (VAT\/IVA)\u2014must be factored into your budget when calculating the total cost of buying or selling property. These costs are typically paid by the buyer or shared with the seller, depending on your negotiation. \u00a0 USE OUR FREE TOOL [&hellip;]","og_url":"https:\/\/vivirosa.com\/fr\/closing-cost-estimator\/","og_site_name":"Vivirosa","article_publisher":"https:\/\/www.facebook.com\/profile.php?id=61561901322800","article_modified_time":"2024-12-06T20:08:52+00:00","twitter_card":"summary_large_image","twitter_misc":{"Estimation du temps de lecture":"1 minute"},"schema":{"@context":"https:\/\/schema.org","@graph":[{"@type":"WebPage","@id":"https:\/\/vivirosa.com\/closing-cost-estimator","url":"https:\/\/vivirosa.com\/closing-cost-estimator","name":"Outil d&#039;estimation des frais de cl\u00f4ture - Vivirosa","isPartOf":{"@id":"https:\/\/vivirosa.com\/fr\/#website"},"datePublished":"2024-12-05T20:15:09+00:00","dateModified":"2024-12-06T20:08:52+00:00","breadcrumb":{"@id":"https:\/\/vivirosa.com\/closing-cost-estimator#breadcrumb"},"inLanguage":"fr-CA","potentialAction":[{"@type":"ReadAction","target":["https:\/\/vivirosa.com\/closing-cost-estimator"]}]},{"@type":"BreadcrumbList","@id":"https:\/\/vivirosa.com\/closing-cost-estimator#breadcrumb","itemListElement":[{"@type":"ListItem","position":1,"name":"Home","item":"https:\/\/vivirosa.com\/"},{"@type":"ListItem","position":2,"name":"Closing Cost Estimator"}]},{"@type":"WebSite","@id":"https:\/\/vivirosa.com\/fr\/#website","url":"https:\/\/vivirosa.com\/fr\/","name":"Vivirosa","description":"L&#039;immobilier au Costa Rica simplifi\u00e9","publisher":{"@id":"https:\/\/vivirosa.com\/fr\/#organization"},"potentialAction":[{"@type":"SearchAction","target":{"@type":"EntryPoint","urlTemplate":"https:\/\/vivirosa.com\/fr\/?s={search_term_string}"},"query-input":{"@type":"PropertyValueSpecification","valueRequired":true,"valueName":"search_term_string"}}],"inLanguage":"fr-CA"},{"@type":"Organization","@id":"https:\/\/vivirosa.com\/fr\/#organization","name":"Vivirosa","url":"https:\/\/vivirosa.com\/fr\/","logo":{"@type":"ImageObject","inLanguage":"fr-CA","@id":"https:\/\/vivirosa.com\/fr\/#\/schema\/logo\/image\/","url":"https:\/\/vivirosa.com\/wp-content\/uploads\/2025\/02\/vivirosa-logo.png","contentUrl":"https:\/\/vivirosa.com\/wp-content\/uploads\/2025\/02\/vivirosa-logo.png","width":1200,"height":240,"caption":"Vivirosa"},"image":{"@id":"https:\/\/vivirosa.com\/fr\/#\/schema\/logo\/image\/"},"sameAs":["https:\/\/www.facebook.com\/profile.php?id=61561901322800"]}]}},"_links":{"self":[{"href":"https:\/\/vivirosa.com\/fr\/wp-json\/wp\/v2\/pages\/29239","targetHints":{"allow":["GET"]}}],"collection":[{"href":"https:\/\/vivirosa.com\/fr\/wp-json\/wp\/v2\/pages"}],"about":[{"href":"https:\/\/vivirosa.com\/fr\/wp-json\/wp\/v2\/types\/page"}],"author":[{"embeddable":true,"href":"https:\/\/vivirosa.com\/fr\/wp-json\/wp\/v2\/users\/11"}],"replies":[{"embeddable":true,"href":"https:\/\/vivirosa.com\/fr\/wp-json\/wp\/v2\/comments?post=29239"}],"version-history":[{"count":94,"href":"https:\/\/vivirosa.com\/fr\/wp-json\/wp\/v2\/pages\/29239\/revisions"}],"predecessor-version":[{"id":29444,"href":"https:\/\/vivirosa.com\/fr\/wp-json\/wp\/v2\/pages\/29239\/revisions\/29444"}],"wp:attachment":[{"href":"https:\/\/vivirosa.com\/fr\/wp-json\/wp\/v2\/media?parent=29239"}],"curies":[{"name":"wp","href":"https:\/\/api.w.org\/{rel}","templated":true}]}}